{"id":198,"date":"2021-07-19T10:36:08","date_gmt":"2021-07-19T08:36:08","guid":{"rendered":"https:\/\/musee-tudor.lu\/?page_id=198"},"modified":"2021-10-31T14:28:28","modified_gmt":"2021-10-31T13:28:28","slug":"tudor","status":"publish","type":"page","link":"https:\/\/musee-tudor.lu\/fr\/tudor\/","title":{"rendered":"Tudor"},"content":{"rendered":"<p>[et_pb_section fb_built=&#8220;1&#8243; _builder_version=&#8220;4.9.9&#8243; _module_preset=&#8220;default&#8220; custom_margin=&#8220;||72px|||&#8220; custom_padding=&#8220;5px||2px|||&#8220;][et_pb_row _builder_version=&#8220;4.9.9&#8243; _module_preset=&#8220;default&#8220; column_structure=&#8220;1_2,1_2&#8243; custom_padding=&#8220;||59px|||&#8220; custom_margin=&#8220;|auto|-3px|auto||&#8220;][et_pb_column type=&#8220;1_2&#8243; _builder_version=&#8220;4.9.9&#8243; _module_preset=&#8220;default&#8220;][et_pb_text _builder_version=&#8220;4.9.9&#8243; _module_preset=&#8220;default&#8220; width=&#8220;99.4%&#8220; custom_margin=&#8220;|-203px||||&#8220;]<\/p>\n<div class=\"elementor-element elementor-element-3470f46 elementor-drop-cap-yes elementor-drop-cap-view-default animation_type_block sc_fly_static elementor-widget elementor-widget-text-editor\" data-id=\"3470f46\" data-element_type=\"widget\" data-settings=\"{&quot;drop_cap&quot;:&quot;yes&quot;}\" data-widget_type=\"text-editor.default\">\n<div class=\"elementor-widget-container\">\n<div class=\"elementor-text-editor elementor-clearfix\">\n<h3 style=\"text-align: center;\"><span class=\"elementor-drop-cap\"><span class=\"elementor-drop-cap-letter\">Henri Tudor<\/span><\/span><\/h3>\n<p style=\"text-align: center;\"><span class=\"elementor-drop-cap\"><span class=\"elementor-drop-cap-letter\">I<\/span><\/span>m September 1859 kommt Henri Owen Tudor, der j\u00fcngste von drei Br\u00fcdern, im Diesburger Hof bei Ferschweiler (D) zur Welt. Seine ersten Lebensjahre wohnt er mit seinen Eltern in Macquenoise (B).<\/p>\n<p style=\"text-align: center;\">Wie seine beiden Br\u00fcder, verbringt auch Henri Tudor seine Schulzeit am Coll\u00e8ge de Chimay (B). Er bleibt im dortigen Internat, auch als seine Eltern beschlie\u00dfen, wieder in ihr luxemburgisches Heimatdorf zur\u00fcckzukehren. Sein Studium absolviert Henri anschlie\u00dfend an der Ecole Polytechnique der Universit\u00e4t Br\u00fcssel, wo er mit 24 Jahren das Diplom als Bauingenieur erh\u00e4lt.<\/p>\n<\/div>\n<\/div>\n<\/div>\n<div class=\"elementor-element elementor-element-189c449 animation_type_block sc_fly_static elementor-widget elementor-widget-spacer\" data-id=\"189c449\" data-element_type=\"widget\" data-widget_type=\"spacer.default\">\n<div class=\"elementor-widget-container\">\n<div class=\"elementor-spacer\"><\/div>\n<\/div>\n<\/div>\n<p>[\/et_pb_text][\/et_pb_column][et_pb_column _builder_version=&#8220;4.9.9&#8243; _module_preset=&#8220;default&#8220; type=&#8220;1_2&#8243;][et_pb_image src=&#8220;https:\/\/musee-tudor.lu\/wp-content\/uploads\/2021\/07\/en-voiture-electrique-1.jpg&#8220; title_text=&#8220;en-voiture-\u00e9lectrique&#8220; align=&#8220;center&#8220; _builder_version=&#8220;4.9.9&#8243; _module_preset=&#8220;default&#8220; width=&#8220;100%&#8220; hover_enabled=&#8220;0&#8243; sticky_enabled=&#8220;0&#8243; custom_margin=&#8220;70px|||||&#8220;][\/et_pb_image][\/et_pb_column][\/et_pb_row][\/et_pb_section][et_pb_section fb_built=&#8220;1&#8243; _builder_version=&#8220;4.9.9&#8243; _module_preset=&#8220;default&#8220; custom_margin=&#8220;-46px|||||&#8220; custom_padding=&#8220;3px||1px|||&#8220;][et_pb_row column_structure=&#8220;1_2,1_2&#8243; _builder_version=&#8220;4.9.9&#8243; _module_preset=&#8220;default&#8220; custom_padding=&#8220;61px|||||&#8220;][et_pb_column type=&#8220;1_2&#8243; _builder_version=&#8220;4.9.9&#8243; _module_preset=&#8220;default&#8220;][et_pb_image src=&#8220;https:\/\/musee-tudor.lu\/wp-content\/uploads\/2021\/07\/fabrikarbeiter.jpg&#8220; title_text=&#8220;fabrikarbeiter&#8220; _builder_version=&#8220;4.9.9&#8243; _module_preset=&#8220;default&#8220; min_height=&#8220;228.9px&#8220; custom_padding=&#8220;||0px|||&#8220;][\/et_pb_image][et_pb_text _builder_version=&#8220;4.9.9&#8243; _module_preset=&#8220;default&#8220;]<\/p>\n<h5 style=\"text-align: center;\">Seine Leidenschaft f\u00fcr Elektrizit\u00e4t<\/h5>\n<p>[\/et_pb_text][et_pb_button button_url=&#8220;https:\/\/musee-tudor.lu\/seine-leidenschaft-fuer-elektrizitaet\/&#8220; button_text=&#8220;Erfahren sie mehr dazu&#8220; button_alignment=&#8220;center&#8220; _builder_version=&#8220;4.9.9&#8243; _module_preset=&#8220;default&#8220; custom_button=&#8220;on&#8220; button_text_size=&#8220;16px&#8220; button_text_color=&#8220;#F7F6EC&#8220; button_bg_color=&#8220;#C9A050&#8243; button_border_width=&#8220;0px&#8220; custom_margin=&#8220;-22px|||||&#8220; hover_enabled=&#8220;0&#8243; sticky_enabled=&#8220;0&#8243; admin_label=&#8220;Button&#8220;][\/et_pb_button][\/et_pb_column][et_pb_column type=&#8220;1_2&#8243; _builder_version=&#8220;4.9.9&#8243; _module_preset=&#8220;default&#8220;][et_pb_image src=&#8220;https:\/\/musee-tudor.lu\/wp-content\/uploads\/2021\/07\/008-Henri-Tudor-ballon.jpg&#8220; title_text=&#8220;008-Henri-Tudor-ballon&#8220; _builder_version=&#8220;4.9.9&#8243; _module_preset=&#8220;default&#8220; min_height=&#8220;231.4px&#8220;][\/et_pb_image][et_pb_text _builder_version=&#8220;4.9.9&#8243; _module_preset=&#8220;default&#8220; custom_margin=&#8220;||1px|||&#8220;]<\/p>\n<h5 style=\"text-align: center;\">Henri Tudors Lebenswerk<\/h5>\n<p>[\/et_pb_text][et_pb_button button_url=&#8220;https:\/\/musee-tudor.lu\/das-leben-henri-tudors\/&#8220; button_text=&#8220;Erfahren sie mehr dazu&#8220; button_alignment=&#8220;center&#8220; _builder_version=&#8220;4.9.9&#8243; _module_preset=&#8220;default&#8220; custom_button=&#8220;on&#8220; button_text_size=&#8220;16px&#8220; button_text_color=&#8220;#F7F6EC&#8220; button_bg_color=&#8220;#C9A050&#8243; button_border_width=&#8220;0px&#8220; custom_margin=&#8220;8px|||||&#8220;][\/et_pb_button][\/et_pb_column][\/et_pb_row][\/et_pb_section]<\/p>\n","protected":false},"excerpt":{"rendered":"<p>Henri Tudor Im September 1859 kommt Henri Owen Tudor, der j\u00fcngste von drei Br\u00fcdern, im Diesburger Hof bei Ferschweiler (D) zur Welt. Seine ersten Lebensjahre wohnt er mit seinen Eltern in Macquenoise (B). Wie seine beiden Br\u00fcder, verbringt auch Henri Tudor seine Schulzeit am Coll\u00e8ge de Chimay (B). Er bleibt im dortigen Internat, auch als [&hellip;]<\/p>\n","protected":false},"author":3,"featured_media":0,"parent":0,"menu_order":0,"comment_status":"closed","ping_status":"closed","template":"","meta":{"_et_pb_use_builder":"on","_et_pb_old_content":"","_et_gb_content_width":"","footnotes":""},"class_list":["post-198","page","type-page","status-publish","hentry"],"_links":{"self":[{"href":"https:\/\/musee-tudor.lu\/fr\/wp-json\/wp\/v2\/pages\/198","targetHints":{"allow":["GET"]}}],"collection":[{"href":"https:\/\/musee-tudor.lu\/fr\/wp-json\/wp\/v2\/pages"}],"about":[{"href":"https:\/\/musee-tudor.lu\/fr\/wp-json\/wp\/v2\/types\/page"}],"author":[{"embeddable":true,"href":"https:\/\/musee-tudor.lu\/fr\/wp-json\/wp\/v2\/users\/3"}],"replies":[{"embeddable":true,"href":"https:\/\/musee-tudor.lu\/fr\/wp-json\/wp\/v2\/comments?post=198"}],"version-history":[{"count":34,"href":"https:\/\/musee-tudor.lu\/fr\/wp-json\/wp\/v2\/pages\/198\/revisions"}],"predecessor-version":[{"id":983,"href":"https:\/\/musee-tudor.lu\/fr\/wp-json\/wp\/v2\/pages\/198\/revisions\/983"}],"wp:attachment":[{"href":"https:\/\/musee-tudor.lu\/fr\/wp-json\/wp\/v2\/media?parent=198"}],"curies":[{"name":"wp","href":"https:\/\/api.w.org\/{rel}","templated":true}]}}