{"id":179,"date":"2021-07-19T10:32:17","date_gmt":"2021-07-19T08:32:17","guid":{"rendered":"https:\/\/musee-tudor.lu\/?page_id=179"},"modified":"2023-09-21T17:54:09","modified_gmt":"2023-09-21T15:54:09","slug":"ausblick","status":"publish","type":"page","link":"https:\/\/musee-tudor.lu\/fr\/ausblick\/","title":{"rendered":"Coup d'oeil"},"content":{"rendered":"<p>[et_pb_section fb_built=&#8220;1&#8243; _builder_version=&#8220;4.16&#8243; _module_preset=&#8220;default&#8220; custom_margin=&#8220;||-125px|||&#8220; global_colors_info=&#8220;{}&#8220; theme_builder_area=&#8220;post_content&#8220;][et_pb_row column_structure=&#8220;1_2,1_2&#8243; _builder_version=&#8220;4.16&#8243; _module_preset=&#8220;default&#8220; global_colors_info=&#8220;{}&#8220; theme_builder_area=&#8220;post_content&#8220;][et_pb_column type=&#8220;1_2&#8243; _builder_version=&#8220;4.16&#8243; _module_preset=&#8220;default&#8220; global_colors_info=&#8220;{}&#8220; theme_builder_area=&#8220;post_content&#8220;][et_pb_text _builder_version=&#8220;4.16&#8243; _module_preset=&#8220;default&#8220; global_colors_info=&#8220;{}&#8220; theme_builder_area=&#8220;post_content&#8220;]<\/p>\n<div class=\"elementor-element elementor-element-137c7e9 animation_type_block sc_fly_static elementor-widget elementor-widget-text-editor\" data-id=\"137c7e9\" data-element_type=\"widget\" data-widget_type=\"text-editor.default\">\n<div class=\"elementor-widget-container\">\n<div class=\"elementor-text-editor elementor-clearfix\">\n<h4 class=\"flie-txt-beige\">Tudor<\/h4>\n<p class=\"flie-txt-beige\">Der Name Henri Tudor ist mit dem Akkumulator verbunden, und mit allem was damit zu tun hat.\u00a0Das ist ebenso spannend wie vielseitig, und das Mus\u00e9e Tudor ist deshalb eine Mischung aus Science Center und traditionellem Museum \u2013 und ist deswegen genau das Richtige f\u00fcr Familien. Es ist verboten, die H\u00e4nde in den Taschen zu behalten!<\/p>\n<\/div>\n<\/div>\n<\/div>\n<div class=\"elementor-element elementor-element-4ff7db8 animation_type_block sc_fly_static elementor-widget elementor-widget-text-editor\" data-id=\"4ff7db8\" data-element_type=\"widget\" data-widget_type=\"text-editor.default\">\n<div class=\"elementor-widget-container\">\n<div class=\"elementor-text-editor elementor-clearfix\">\n<p class=\"flie-txt-beige\">Entdecken Sie die vielen Geheimnisse, die sich hinter den verschiedenen Schr\u00e4nken und Schubladen befinden, und lassen Sie sich von den rhythmischen Bewegungen der Maschinen und vom Licht der Petroleumlampen in die Zeit der Familie Tudor zur\u00fcck versetzen. Sp\u00e4ter, der Strom. Und nat\u00fcrlich warten auch Experimente rund um den Strom auf Sie.<\/p>\n<\/div>\n<\/div>\n<\/div>\n<p>[\/et_pb_text][et_pb_image src=&#8220;https:\/\/musee-tudor.lu\/wp-content\/uploads\/2021\/07\/pict0024-crop-u47051-1.jpg&#8220; title_text=&#8220;pict0024-crop-u47051-(1)&#8220; _builder_version=&#8220;4.16&#8243; _module_preset=&#8220;default&#8220; custom_margin=&#8220;1px|||||&#8220; border_radii=&#8220;on|15px|15px|15px|15px&#8220; global_colors_info=&#8220;{}&#8220; theme_builder_area=&#8220;post_content&#8220;][\/et_pb_image][\/et_pb_column][et_pb_column type=&#8220;1_2&#8243; _builder_version=&#8220;4.16&#8243; _module_preset=&#8220;default&#8220; global_colors_info=&#8220;{}&#8220; theme_builder_area=&#8220;post_content&#8220;][et_pb_image src=&#8220;https:\/\/musee-tudor.lu\/wp-content\/uploads\/2021\/07\/dsc_0028.jpg&#8220; title_text=&#8220;dsc_0028&#8243; _builder_version=&#8220;4.16&#8243; _module_preset=&#8220;default&#8220; width=&#8220;100%&#8220; max_width=&#8220;100%&#8220; custom_margin=&#8220;|91px||||&#8220; custom_padding=&#8220;||0px|||&#8220; border_radii=&#8220;on|15px|15px|15px|15px&#8220; global_colors_info=&#8220;{}&#8220; theme_builder_area=&#8220;post_content&#8220;][\/et_pb_image][et_pb_text _builder_version=&#8220;4.16&#8243; _module_preset=&#8220;default&#8220; global_colors_info=&#8220;{}&#8220; theme_builder_area=&#8220;post_content&#8220;]<\/p>\n<div class=\"elementor-element elementor-element-a1dabab animation_type_block sc_fly_static elementor-widget elementor-widget-heading\" data-id=\"a1dabab\" data-element_type=\"widget\" data-widget_type=\"heading.default\">\n<h4 class=\"elementor-widget-container\">Henri Tudors Zeitalter<\/h4>\n<p><span>Die Zeit Henri Tudors war eine Epoche der industriellen und gesellschaftlichen Ver\u00e4nderungen: die Landwirtschaft macht Fortschritte, in Paris fasziniert 1881 eine Ausstellung \u00fcber Strom die Besucher, und in ganz Europe gehen die B\u00fcrger f\u00fcr Gleichberechtigung auf die Stra\u00dfe. Es ist eine elektrisierende Zeit.<\/span><\/p>\n<\/div>\n<div class=\"elementor-element elementor-element-b4d1353 animation_type_block sc_fly_static elementor-widget elementor-widget-spacer\" data-id=\"b4d1353\" data-element_type=\"widget\" data-widget_type=\"spacer.default\">\n<div class=\"elementor-widget-container\">\n<div class=\"elementor-spacer\"><\/div>\n<\/div>\n<\/div>\n<p>[\/et_pb_text][et_pb_text _builder_version=&#8220;4.16&#8243; _module_preset=&#8220;default&#8220; global_colors_info=&#8220;{}&#8220; theme_builder_area=&#8220;post_content&#8220;]<\/p>\n<h4>Entstehung des Museums<\/h4>\n<div class=\"elementor-element elementor-element-659f48c animation_type_block sc_fly_static elementor-widget elementor-widget-text-editor\" data-id=\"659f48c\" data-element_type=\"widget\" data-widget_type=\"text-editor.default\">\n<div class=\"elementor-widget-container\">\n<div class=\"elementor-text-editor elementor-clearfix\">\n<p class=\"flie-txt-beige\">Das Mus\u00e9e Tudor ist in Henri Tudors ehemaligem Wohnhaus eingerichtet, das er 1892 in der N\u00e4he des Irminenhofes errichten lie\u00df. Das von den Rosportern neit Schlass genannte Geb\u00e4ude liegt inmitten eines Parks mit seltenen Baumarten. Nach dem Tod seines Vaters wird John Tudor Eigent\u00fcmer des Hauses.<\/p>\n<\/div>\n<\/div>\n<\/div>\n<p>[\/et_pb_text][\/et_pb_column][\/et_pb_row][\/et_pb_section][et_pb_section fb_built=&#8220;1&#8243; _builder_version=&#8220;4.16&#8243; _module_preset=&#8220;default&#8220; min_height=&#8220;1760.1px&#8220; custom_margin=&#8220;10px|||||&#8220; custom_padding=&#8220;0px|||||&#8220; global_colors_info=&#8220;{}&#8220; theme_builder_area=&#8220;post_content&#8220;][et_pb_row column_structure=&#8220;1_2,1_2&#8243; _builder_version=&#8220;4.16&#8243; _module_preset=&#8220;default&#8220; global_colors_info=&#8220;{}&#8220; theme_builder_area=&#8220;post_content&#8220;][et_pb_column type=&#8220;1_2&#8243; _builder_version=&#8220;4.16&#8243; _module_preset=&#8220;default&#8220; global_colors_info=&#8220;{}&#8220; theme_builder_area=&#8220;post_content&#8220;][et_pb_text _builder_version=&#8220;4.16&#8243; _module_preset=&#8220;default&#8220; global_colors_info=&#8220;{}&#8220; theme_builder_area=&#8220;post_content&#8220;]<\/p>\n<h4>Strom<\/h4>\n<p><span>Im Mittelpunkt unserer Ausstellung ist der Strom. Ohne Strom w\u00e4re Henri Tudors Werk nicht m\u00f6glich gewesen \u2013 und die entsprechenden Fragen sind schier endlos; es geht um Menschen und Erfindungen: Wer sind Volta und Ritter? Wie erzeugt man Strom mit Magneten?<\/span><br \/><span>Verschiedene Ausstellungsst\u00fccke und viele Experimente laden Sie ein, in die Welt des Stroms. Haben Sie keine Angst, Sie bekommen keinen Stromschlag!<\/span><\/p>\n<p>[\/et_pb_text][et_pb_image src=&#8220;https:\/\/musee-tudor.lu\/wp-content\/uploads\/2021\/07\/ochsen.jpg&#8220; title_text=&#8220;ochsen&#8220; _builder_version=&#8220;4.16&#8243; _module_preset=&#8220;default&#8220; border_radii=&#8220;on|15px|15px|15px|15px&#8220; global_colors_info=&#8220;{}&#8220; theme_builder_area=&#8220;post_content&#8220;][\/et_pb_image][et_pb_text _builder_version=&#8220;4.16&#8243; _module_preset=&#8220;default&#8220; global_colors_info=&#8220;{}&#8220; theme_builder_area=&#8220;post_content&#8220;]<\/p>\n<h4 class=\"elementor-heading-title elementor-size-default\">Die Erfindung und die Bedeutung des Akkumulators<\/h4>\n<p><span>Seinen ersten Einsatz hatte der von Henri Tudor erfundene Akkumulator wahrscheinlich im Familienkreis:<\/span><br \/><span>zur Premiere wurde der heimische Irminenhof beleuchtet. Das Experiment gelang, das neue Ger\u00e4t war die sinnvolle Weiterentwicklung der Akkumulatoren von Plant\u00e9 und Faure \u2013 und fortan konnte Strom in gro\u00dfem Stile flie\u00dfen.<\/span><br \/><span>Ob bei der Beleuchtung der von St\u00e4dten, dem Bau des Energie-Car und der sp\u00e4teren der Autos: Lassen Sie sich \u00fcberraschen von all dem, was durch Tudors Erfindung m\u00f6glich wurde.<\/span><\/p>\n<p>[\/et_pb_text][\/et_pb_column][et_pb_column type=&#8220;1_2&#8243; _builder_version=&#8220;4.16&#8243; _module_preset=&#8220;default&#8220; global_colors_info=&#8220;{}&#8220; theme_builder_area=&#8220;post_content&#8220;][et_pb_text _builder_version=&#8220;4.16&#8243; _module_preset=&#8220;default&#8220; global_colors_info=&#8220;{}&#8220; theme_builder_area=&#8220;post_content&#8220;]<\/p>\n<h4 class=\"elementor-heading-title elementor-size-default\">Das Schlo\u00df als RAD-Lager, Herberge und Familienpension<\/h4>\n<p class=\"flie-txt-beige\">Die deutschen Truppen besetzen ab Mai 1940 das Gro\u00dfherzogtum Luxemburg und das Schlo\u00df Tudor wird zu einem RAD-Lager f\u00fcr M\u00e4dchen, die in der Landwirtschaft und in Haushalten arbeiten m\u00fcssen. Nach der Niederlage der Deutschen beherbergt das Schlo\u00df Tudor vor\u00fcbergehend Familien, deren H\u00e4user zerst\u00f6rt oder noch unbewohnbar sind.<\/p>\n<p>Um 1957 wird das Schloss zu einer Familienpension, die von Georges Steinmetzer geleitet wird, 1964 wird es von der amerikanischen Firma Monsanto gekauft, die es renovieren und als Hotel ausbauen l\u00e4sst. Die kommerziellen Erwartungen erf\u00fcllen sich jedoch nicht, so dass schlie\u00dflich 1970 die Gemeinde Rosport das Schloss und den Park kauft. Das Erdgeschoss wird f\u00fcr die Gemeindeverwaltung genutzt, w\u00e4hrend die Zimmer des ersten und zweiten Stockwerks vom Interessenverein Amiperas als Ferienwohnungen vermietet werden.<\/p>\n<p>[\/et_pb_text][et_pb_image src=&#8220;https:\/\/musee-tudor.lu\/wp-content\/uploads\/2021\/07\/Manoir-Tudor-3.jpg&#8220; title_text=&#8220;Manoir-Tudor-3&#8243; _builder_version=&#8220;4.16&#8243; _module_preset=&#8220;default&#8220; border_radii=&#8220;on|15px|15px|15px|15px&#8220; global_colors_info=&#8220;{}&#8220; theme_builder_area=&#8220;post_content&#8220;][\/et_pb_image][\/et_pb_column][\/et_pb_row][et_pb_row _builder_version=&#8220;4.16&#8243; _module_preset=&#8220;default&#8220; global_colors_info=&#8220;{}&#8220; theme_builder_area=&#8220;post_content&#8220;][et_pb_column type=&#8220;4_4&#8243; _builder_version=&#8220;4.16&#8243; _module_preset=&#8220;default&#8220; global_colors_info=&#8220;{}&#8220; theme_builder_area=&#8220;post_content&#8220;][et_pb_text _builder_version=&#8220;4.16&#8243; _module_preset=&#8220;default&#8220; global_colors_info=&#8220;{}&#8220; theme_builder_area=&#8220;post_content&#8220;]<\/p>\n<h4 class=\"elementor-heading-title elementor-size-default\">Von der ersten Idee bis zum Museum<\/h4>\n<div class=\"elementor-element elementor-element-cbead93 animation_type_block sc_fly_static elementor-widget elementor-widget-text-editor\" data-id=\"cbead93\" data-element_type=\"widget\" data-widget_type=\"text-editor.default\">\n<div class=\"elementor-widget-container\">\n<div class=\"elementor-text-editor elementor-clearfix\">\n<p>Von 1992 bis 1999 wird das Innere des Schlosses renoviert und umgestellt: der Konferenzraum und die kommunalen Archiven werden jetzt in das erste Stockwerk verlegt, gleichzeitig wird die Idee geboren, einen Teil der ehemaligen Zimmer der Amiperas f\u00fcr ein Mus\u00e9eTudor umzubauen.<\/p>\n<p>Bereits 1981 wurde im Zusammenhang mit dem 100-j\u00e4hrigen Jubil\u00e4um von Tudors Blei-Akkumulator, eine Ausstellung \u00fcber die Entwicklung der Batterie mit Objekten und Dokumenten aus der Tudor-Zeit im Schlo\u00df er\u00f6ffnet. Es handelte sich um den Ausgangspunkt des Museums.<\/p>\n<p>Als der Mietvertrag mit der Amiperas endete und die Besitzer der Akkumulatorenfabrik sich bereit erkl\u00e4rten Ausstellungsmaterial aus Belgien unentgeltlich f\u00fcr Rosport zur Verf\u00fcgung zu stellen, setzten Les amis de Rosport das Mus\u00e9e Tudor endg\u00fcltig durch. Um 1995 nimmt das Projekt Form an und wird \u00f6ffentlich vorgestellt, st\u00f6\u00dft aber noch auf einige Schwierigkeiten.<\/p>\n<p>Im Mai 2009 \u00f6ffnet das Museum Tudor endlich seine T\u00fcren in einem Teil der ehemaligen Wohnung von Henri Tudor. Diese Er\u00f6ffnung ist vor allem den Amis du Mus\u00e9e Henri Tudor, Herrn Aloyse Steinmetz und Herrn Luc Bonblet zu verdanken.<\/p>\n<\/div>\n<\/div>\n<\/div>\n<p>[\/et_pb_text][et_pb_text _builder_version=&#8220;4.16&#8243; _module_preset=&#8220;default&#8220; text_font=&#8220;||on||||||&#8220; text_text_color=&#8220;#C9C8BF&#8220; global_colors_info=&#8220;{}&#8220; theme_builder_area=&#8220;post_content&#8220;]<\/p>\n<p><em>Informationen aus:<\/em><br \/><em>Al. Steinmetz, Die Tudors in Rosport. Das Tudorschloss, seit 1971 Sitz der Gemeindeverwaltung, 2004<\/em><\/p>\n<p>[\/et_pb_text][\/et_pb_column][\/et_pb_row][\/et_pb_section]<\/p>\n","protected":false},"excerpt":{"rendered":"<p>Tudor Der Name Henri Tudor ist mit dem Akkumulator verbunden, und mit allem was damit zu tun hat.\u00a0Das ist ebenso spannend wie vielseitig, und das Mus\u00e9e Tudor ist deshalb eine Mischung aus Science Center und traditionellem Museum \u2013 und ist deswegen genau das Richtige f\u00fcr Familien. Es ist verboten, die H\u00e4nde in den Taschen zu [&hellip;]<\/p>\n","protected":false},"author":3,"featured_media":0,"parent":0,"menu_order":0,"comment_status":"closed","ping_status":"closed","template":"","meta":{"_et_pb_use_builder":"on","_et_pb_old_content":"","_et_gb_content_width":"","footnotes":""},"class_list":["post-179","page","type-page","status-publish","hentry"],"_links":{"self":[{"href":"https:\/\/musee-tudor.lu\/fr\/wp-json\/wp\/v2\/pages\/179","targetHints":{"allow":["GET"]}}],"collection":[{"href":"https:\/\/musee-tudor.lu\/fr\/wp-json\/wp\/v2\/pages"}],"about":[{"href":"https:\/\/musee-tudor.lu\/fr\/wp-json\/wp\/v2\/types\/page"}],"author":[{"embeddable":true,"href":"https:\/\/musee-tudor.lu\/fr\/wp-json\/wp\/v2\/users\/3"}],"replies":[{"embeddable":true,"href":"https:\/\/musee-tudor.lu\/fr\/wp-json\/wp\/v2\/comments?post=179"}],"version-history":[{"count":9,"href":"https:\/\/musee-tudor.lu\/fr\/wp-json\/wp\/v2\/pages\/179\/revisions"}],"predecessor-version":[{"id":1338,"href":"https:\/\/musee-tudor.lu\/fr\/wp-json\/wp\/v2\/pages\/179\/revisions\/1338"}],"wp:attachment":[{"href":"https:\/\/musee-tudor.lu\/fr\/wp-json\/wp\/v2\/media?parent=179"}],"curies":[{"name":"wp","href":"https:\/\/api.w.org\/{rel}","templated":true}]}}